{"id":767,"date":"2024-03-19T19:31:03","date_gmt":"2024-03-19T18:31:03","guid":{"rendered":"https:\/\/innomedica.dev.hayloft-it.ch\/?page_id=767"},"modified":"2026-02-10T16:39:42","modified_gmt":"2026-02-10T15:39:42","slug":"our-platform","status":"publish","type":"page","link":"https:\/\/innomedica.com\/en\/technologie\/unsere-plattform\/","title":{"rendered":"Our Platform"},"content":{"rendered":"<div class=\"wp-block-cover alignfull has-custom-content-position is-position-bottom-left is-style-has-overlay\"><img loading=\"lazy\" decoding=\"async\" width=\"8192\" height=\"5464\" class=\"wp-block-cover__image-background wp-image-778\" alt=\"\" src=\"https:\/\/innomedica.com\/wp-content\/uploads\/2024\/03\/24-02-Innomedica_Marly_071.jpg\" style=\"object-position:63% 63%\" data-object-fit=\"cover\" data-object-position=\"63% 63%\" srcset=\"https:\/\/innomedica.com\/wp-content\/uploads\/2024\/03\/24-02-Innomedica_Marly_071.jpg 8192w, https:\/\/innomedica.com\/wp-content\/uploads\/2024\/03\/24-02-Innomedica_Marly_071-300x200.webp 300w, https:\/\/innomedica.com\/wp-content\/uploads\/2024\/03\/24-02-Innomedica_Marly_071-1024x683.webp 1024w, https:\/\/innomedica.com\/wp-content\/uploads\/2024\/03\/24-02-Innomedica_Marly_071-768x512.webp 768w, https:\/\/innomedica.com\/wp-content\/uploads\/2024\/03\/24-02-Innomedica_Marly_071-1536x1025.webp 1536w, https:\/\/innomedica.com\/wp-content\/uploads\/2024\/03\/24-02-Innomedica_Marly_071-18x12.webp 18w\" sizes=\"auto, (max-width: 8192px) 100vw, 8192px\" \/><span aria-hidden=\"true\" class=\"wp-block-cover__background has-background-dim-0 has-background-dim\"><\/span><div class=\"wp-block-cover__inner-container is-layout-flow wp-block-cover-is-layout-flow\">\n<h1 class=\"wp-block-heading has-text-align-left has-huge-font-size\">Our Platform<\/h1>\n\n\n\n<p class=\"has-light-color has-text-color has-link-color has-small-font-size wp-elements-ec4cd441417ee35f96ca524ec0b1a9dd\"><\/p>\n<\/div><\/div>\n\n\n<nav aria-label=\"breadcrumb\"><ol class=\"breadcrumb\"><li class=\"breadcrumb-item\"><a href=\"https:\/\/innomedica.com\/en\">Home<\/a><\/li>\n<li class=\"breadcrumb-item active\" aria-current=\"page\">Our Platform<\/li><\/ol><\/nav>\n\n\n<div class=\"wp-block-group alignwide is-style-default is-layout-flow wp-block-group-is-layout-flow\">\n<p class=\"is-style-lead has-small-font-size\"><strong>Many effective active pharmaceutical ingredients reach the target tissue only in limited concentrations and may therefore cause undesirable side effects. InnoMedica\u2019s proprietary nanotechnology combines these active substances with a liposomal nanocarrier to precisely control their distribution within the body.\u00a0<\/strong><\/p>\n\n\n\n<div class=\"wp-block-media-text alignwide is-stacked-on-mobile is-vertically-aligned-top\" style=\"grid-template-columns:45% auto\"><figure class=\"wp-block-media-text__media\" data-no-zoom=\"true\"><img loading=\"lazy\" decoding=\"async\" width=\"1024\" height=\"683\" src=\"https:\/\/innomedica.com\/wp-content\/uploads\/2024\/03\/22-02-Innomedica_Marly_Abfuellautomat_027-1024x683.webp\" alt=\"\" class=\"wp-image-696 size-full\" srcset=\"https:\/\/innomedica.com\/wp-content\/uploads\/2024\/03\/22-02-Innomedica_Marly_Abfuellautomat_027-1024x683.webp 1024w, https:\/\/innomedica.com\/wp-content\/uploads\/2024\/03\/22-02-Innomedica_Marly_Abfuellautomat_027-300x200.webp 300w, https:\/\/innomedica.com\/wp-content\/uploads\/2024\/03\/22-02-Innomedica_Marly_Abfuellautomat_027-768x512.webp 768w, https:\/\/innomedica.com\/wp-content\/uploads\/2024\/03\/22-02-Innomedica_Marly_Abfuellautomat_027-1536x1025.webp 1536w, https:\/\/innomedica.com\/wp-content\/uploads\/2024\/03\/22-02-Innomedica_Marly_Abfuellautomat_027-18x12.webp 18w\" sizes=\"auto, (max-width: 1024px) 100vw, 1024px\" \/><\/figure><div class=\"wp-block-media-text__content\">\n<p>Through a proprietary manufacturing process, InnoMedica\u2019s nanocarriers are particularly small, uniform and highly stable. They are composed of natural lipids and are designed to mimic the body\u2019s own transport mechanisms in both size and structure. Each nanocarrier encapsulates a therapeutic active ingredient, enabling its efficient delivery to the intended site of action.<\/p>\n\n\n\n<div style=\"height:100px\" aria-hidden=\"true\" class=\"wp-block-spacer\"><\/div>\n<\/div><\/div>\n<\/div>\n\n\n\n<figure class=\"wp-block-video\"><video height=\"720\" style=\"aspect-ratio: 1280 \/ 720;\" width=\"1280\" controls src=\"https:\/\/innomedica.com\/wp-content\/uploads\/2024\/04\/20230710_innomedica_720p.mp4\"><\/video><\/figure>\n\n\n\n<p>The technology platform is highly versatile. It is suitable for both clinically established compounds and emerging therapeutic modalities such as RNA- or protein-based agents. The successful implementation of this platform is based on several key components: a flexible manufacturing process that enables the adaptation of nanocarriers to different medical applications, and a design concept that ensures stability, reproducibility and sufficient drug loading capacity. &nbsp;<\/p>\n\n\n\n<p>Through the combination of precise formulation, controlled manufacturing and targeted drug delivery, InnoMedica\u2019s nanotechnology forms the foundation of its clinical development programs \u2014 ranging from its therapy for the treatment of Parkinson\u2019s disease to additional applications in oncology and beyond.<\/p>","protected":false},"excerpt":{"rendered":"<p>Viele wirksame Arzneistoffe erreichen nur in geringen Mengen das Zielgewebe und f\u00fchren dadurch h\u00e4ufig zu unerw\u00fcnschten Nebenwirkungen. Die von InnoMedica entwickelte Nanotechnologie bringt Wirkstoffe mit einem liposomalen Nanocarrier zusammen, um deren Verteilung im K\u00f6rper pr\u00e4zise zu steuern.\u00a0 Dank eines eigens entwickelten Herstellungsprozesses sind InnoMedica\u2019s Nanocarrier besonders klein, gleichm\u00e4ssig und besonders stabil. Sie bestehen aus nat\u00fcrlichen [&hellip;]<\/p>\n","protected":false},"author":12,"featured_media":0,"parent":63,"menu_order":2,"comment_status":"closed","ping_status":"closed","template":"","meta":{"footnotes":""},"class_list":["post-767","page","type-page","status-publish","hentry"],"acf":[],"_links":{"self":[{"href":"https:\/\/innomedica.com\/en\/wp-json\/wp\/v2\/pages\/767","targetHints":{"allow":["GET"]}}],"collection":[{"href":"https:\/\/innomedica.com\/en\/wp-json\/wp\/v2\/pages"}],"about":[{"href":"https:\/\/innomedica.com\/en\/wp-json\/wp\/v2\/types\/page"}],"author":[{"embeddable":true,"href":"https:\/\/innomedica.com\/en\/wp-json\/wp\/v2\/users\/12"}],"replies":[{"embeddable":true,"href":"https:\/\/innomedica.com\/en\/wp-json\/wp\/v2\/comments?post=767"}],"version-history":[{"count":20,"href":"https:\/\/innomedica.com\/en\/wp-json\/wp\/v2\/pages\/767\/revisions"}],"predecessor-version":[{"id":2817,"href":"https:\/\/innomedica.com\/en\/wp-json\/wp\/v2\/pages\/767\/revisions\/2817"}],"up":[{"embeddable":true,"href":"https:\/\/innomedica.com\/en\/wp-json\/wp\/v2\/pages\/63"}],"wp:attachment":[{"href":"https:\/\/innomedica.com\/en\/wp-json\/wp\/v2\/media?parent=767"}],"curies":[{"name":"wp","href":"https:\/\/api.w.org\/{rel}","templated":true}]}}