{"id":61,"date":"2024-01-29T08:07:19","date_gmt":"2024-01-29T07:07:19","guid":{"rendered":"https:\/\/innomedica.dev.hayloft-it.ch\/?page_id=61"},"modified":"2024-03-19T11:58:29","modified_gmt":"2024-03-19T10:58:29","slug":"company","status":"publish","type":"page","link":"https:\/\/innomedica.com\/en\/unternehmen\/","title":{"rendered":"Company"},"content":{"rendered":"<div class=\"wp-block-cover alignfull is-light has-custom-content-position is-position-bottom-left\"><span aria-hidden=\"true\" class=\"wp-block-cover__background has-background-dim-0 has-background-dim\"><\/span><img loading=\"lazy\" decoding=\"async\" width=\"2560\" height=\"1707\" class=\"wp-block-cover__image-background wp-image-565\" alt=\"\" src=\"https:\/\/innomedica.com\/wp-content\/uploads\/2024\/03\/24-01-Innomedica_Marly_109_klein-scaled.webp\" style=\"object-position:48% 48%\" data-object-fit=\"cover\" data-object-position=\"48% 48%\" srcset=\"https:\/\/innomedica.com\/wp-content\/uploads\/2024\/03\/24-01-Innomedica_Marly_109_klein-scaled.webp 2560w, https:\/\/innomedica.com\/wp-content\/uploads\/2024\/03\/24-01-Innomedica_Marly_109_klein-300x200.webp 300w, https:\/\/innomedica.com\/wp-content\/uploads\/2024\/03\/24-01-Innomedica_Marly_109_klein-1024x683.webp 1024w, https:\/\/innomedica.com\/wp-content\/uploads\/2024\/03\/24-01-Innomedica_Marly_109_klein-768x512.webp 768w, https:\/\/innomedica.com\/wp-content\/uploads\/2024\/03\/24-01-Innomedica_Marly_109_klein-1536x1024.webp 1536w, https:\/\/innomedica.com\/wp-content\/uploads\/2024\/03\/24-01-Innomedica_Marly_109_klein-2048x1366.webp 2048w, https:\/\/innomedica.com\/wp-content\/uploads\/2024\/03\/24-01-Innomedica_Marly_109_klein-18x12.webp 18w\" sizes=\"auto, (max-width: 2560px) 100vw, 2560px\" \/><div class=\"wp-block-cover__inner-container is-layout-flow wp-block-cover-is-layout-flow\">\n<h1 class=\"wp-block-heading has-text-align-left has-huge-font-size\">About us<\/h1>\n<\/div><\/div>\n\n\n<nav aria-label=\"breadcrumb\"><ol class=\"breadcrumb\"><li class=\"breadcrumb-item\"><a href=\"https:\/\/innomedica.com\/en\">Home<\/a><\/li>\n<li class=\"breadcrumb-item active\" aria-current=\"page\">Company<\/li><\/ol><\/nav>\n\n\n<div class=\"wp-block-group alignwide is-layout-flow wp-block-group-is-layout-flow\">\n<p class=\"has-text-align-left is-style-lead has-small-font-size\"><a>Das Schweizer Pharmaunternehmen InnoMedica definiert sich vor allem \u00fcber den Willen des Teams, aus einer innovativen Forschung im Bereich der Nanotransportsysteme und basierend auf der eigenen patentgesch\u00fctzten Technologieplattform Medikamente zu entwickeln und zu den Patienten zu bringen.<\/a>&nbsp;Um dieses Ziel zu erreichen, arbeiten erfahrene Mitarbeitende Seite an Seite mit Universit\u00e4tsabg\u00e4ngern und jungen Talenten aus verschiedenen Bereichen.<\/p>\n<\/div>\n\n\n\n<div class=\"wp-block-columns alignwide are-vertically-aligned-top is-layout-flex wp-container-core-columns-is-layout-9d6595d7 wp-block-columns-is-layout-flex\">\n<div class=\"wp-block-column is-vertically-aligned-top is-layout-flow wp-block-column-is-layout-flow\">\n<p class=\"has-normal-font-size\">InnoMedica wurde urspr\u00fcnglich im Jahr 2000 als Finanzgesellschaft mit Hauptsitz in Zug gegr\u00fcndet. Nach diversen erfolgreichen Investitionen im Bereich Biochemie und Medizin wagte InnoMedica im Januar 2013 mit dem Projekt Targeted Liposomal Doxorubicin den Schritt zum operativ eigenst\u00e4ndigen Pharmaunternehmen. Die \u00dcbernahme des japanischen Unternehmens YAMAZAKI-DDS Co., Ltd. erm\u00f6glichte InnoMedica den Zugang zu einer bereits \u00fcber 20 Jahre erforschten und patentierten Nanotechnologie. Die Vision des Projekts ist es, aus der bestehenden Not im Bereich Chemotherapie eine Verbesserung der bestehenden Medikamente zu erzielen, um betroffenen Krebspatientinnen und -patienten schonendere Alternativen bieten zu k\u00f6nnen.<\/p>\n\n\n\n<p class=\"has-normal-font-size\">Following a rapid development phase of the product, the successful completion of preclinical studies, and the establishment of production in accordance with GMP in Marly near Fribourg, the first patient was treated with InnoMedica's oncology product in November 2018 as part of the first clinical study.<\/p>\n<\/div>\n\n\n\n<div class=\"wp-block-column is-vertically-aligned-top is-layout-flow wp-block-column-is-layout-flow\">\n<p class=\"is-style-default has-normal-font-size\">Bereits im Dezember 2017 hat InnoMedica die zweite Anwendung, die auf eine Behandlung von neurodegenerative Krankheiten wie Parkinson zielt, durch ein Patent gesch\u00fctzt und weiterf\u00fchrende Forschung f\u00fcr das Medikament betrieben. In den Jahren 2020 und 2021 konnte InnoMedica das Team stark erweitern und die bestehende Infrastruktur weiter ausbauen. Dank des schnellen Wachstums und der guten Fortschritte konnte im Dezember 2021 im Rahmen der NEON-Studie bereits der erste Parkinsonpatient mit InnoMedicas Neurologie-Medikament behandelt werden.<\/p>\n\n\n\n<p class=\"has-normal-font-size\">Die derzeit \u00fcber 50 Mitarbeitenden von InnoMedica arbeiten in der Nanofactory in Marly bei Fribourg oder in den B\u00fcror\u00e4umlichkeiten in Bern. Bern ist Arbeitsort des Finanzteams sowie der meisten Mitglieder des Managements. Zudem sind das Regulatory Team, das Clinical Research Team sowie das HR und die Kommunikation vorwiegend in Bern t\u00e4tig. In der Nanofactory in Marly sind die Teams aus dem Bereich Manufacturing (Qualit\u00e4tskontrolle &amp; Analytik, Qualit\u00e4tssicherung, Produktion, Process Engineering) sowie die Forschung und Entwicklung angesiedelt. Unterst\u00fctzt werden sie von einer kleinen Supply Chain sowie der IT, die eine funktionierende IT-Infrastruktur an beiden Standorten sicherstellt.<\/p>\n<\/div>\n<\/div>\n\n\n\n<div class=\"wp-block-media-text is-stacked-on-mobile\"><figure class=\"wp-block-media-text__media\" data-no-zoom=\"true\"><img loading=\"lazy\" decoding=\"async\" width=\"1024\" height=\"683\" src=\"https:\/\/innomedica.com\/wp-content\/uploads\/2024\/03\/24-01-Innomedica_Marly_063_klein-1024x683.webp\" alt=\"\" class=\"wp-image-563 size-full\" srcset=\"https:\/\/innomedica.com\/wp-content\/uploads\/2024\/03\/24-01-Innomedica_Marly_063_klein-1024x683.webp 1024w, https:\/\/innomedica.com\/wp-content\/uploads\/2024\/03\/24-01-Innomedica_Marly_063_klein-300x200.webp 300w, https:\/\/innomedica.com\/wp-content\/uploads\/2024\/03\/24-01-Innomedica_Marly_063_klein-768x512.webp 768w, https:\/\/innomedica.com\/wp-content\/uploads\/2024\/03\/24-01-Innomedica_Marly_063_klein-1536x1024.webp 1536w, https:\/\/innomedica.com\/wp-content\/uploads\/2024\/03\/24-01-Innomedica_Marly_063_klein-2048x1366.webp 2048w, https:\/\/innomedica.com\/wp-content\/uploads\/2024\/03\/24-01-Innomedica_Marly_063_klein-18x12.webp 18w\" sizes=\"auto, (max-width: 1024px) 100vw, 1024px\" \/><\/figure><div class=\"wp-block-media-text__content\">\n<p class=\"has-normal-font-size\">Learn more about <a href=\"https:\/\/innomedica.com\/en\/company\/team\/\" data-type=\"page\" data-id=\"293\">Our Team<\/a>.<\/p>\n<\/div><\/div>","protected":false},"excerpt":{"rendered":"<p>Das Schweizer Pharmaunternehmen InnoMedica definiert sich vor allem \u00fcber den Willen des Teams, aus einer innovativen Forschung im Bereich der Nanotransportsysteme und basierend auf der eigenen patentgesch\u00fctzten Technologieplattform Medikamente zu entwickeln und zu den Patienten zu bringen.&nbsp;Um dieses Ziel zu erreichen, arbeiten erfahrene Mitarbeitende Seite an Seite mit Universit\u00e4tsabg\u00e4ngern und jungen Talenten aus verschiedenen Bereichen. [&hellip;]<\/p>\n","protected":false},"author":12,"featured_media":0,"parent":0,"menu_order":0,"comment_status":"closed","ping_status":"closed","template":"","meta":{"footnotes":""},"class_list":["post-61","page","type-page","status-publish","hentry"],"acf":[],"_links":{"self":[{"href":"https:\/\/innomedica.com\/en\/wp-json\/wp\/v2\/pages\/61","targetHints":{"allow":["GET"]}}],"collection":[{"href":"https:\/\/innomedica.com\/en\/wp-json\/wp\/v2\/pages"}],"about":[{"href":"https:\/\/innomedica.com\/en\/wp-json\/wp\/v2\/types\/page"}],"author":[{"embeddable":true,"href":"https:\/\/innomedica.com\/en\/wp-json\/wp\/v2\/users\/12"}],"replies":[{"embeddable":true,"href":"https:\/\/innomedica.com\/en\/wp-json\/wp\/v2\/comments?post=61"}],"version-history":[{"count":27,"href":"https:\/\/innomedica.com\/en\/wp-json\/wp\/v2\/pages\/61\/revisions"}],"predecessor-version":[{"id":660,"href":"https:\/\/innomedica.com\/en\/wp-json\/wp\/v2\/pages\/61\/revisions\/660"}],"wp:attachment":[{"href":"https:\/\/innomedica.com\/en\/wp-json\/wp\/v2\/media?parent=61"}],"curies":[{"name":"wp","href":"https:\/\/api.w.org\/{rel}","templated":true}]}}