{"id":293,"date":"2024-02-13T10:22:54","date_gmt":"2024-02-13T09:22:54","guid":{"rendered":"https:\/\/innomedica.dev.hayloft-it.ch\/?page_id=293"},"modified":"2026-02-10T15:34:20","modified_gmt":"2026-02-10T14:34:20","slug":"team","status":"publish","type":"page","link":"https:\/\/innomedica.com\/en\/team\/","title":{"rendered":"Our Team"},"content":{"rendered":"<div class=\"wp-block-cover alignfull is-light has-custom-content-position is-position-bottom-left is-style-has-overlay\"><img loading=\"lazy\" decoding=\"async\" width=\"2560\" height=\"1066\" class=\"wp-block-cover__image-background wp-image-2652 size-full\" alt=\"\" src=\"https:\/\/innomedica.com\/wp-content\/uploads\/2025\/11\/InnoMedica_Team-scaled.webp\" data-object-fit=\"cover\" srcset=\"https:\/\/innomedica.com\/wp-content\/uploads\/2025\/11\/InnoMedica_Team-scaled.webp 2560w, https:\/\/innomedica.com\/wp-content\/uploads\/2025\/11\/InnoMedica_Team-300x125.webp 300w, https:\/\/innomedica.com\/wp-content\/uploads\/2025\/11\/InnoMedica_Team-1024x426.webp 1024w, https:\/\/innomedica.com\/wp-content\/uploads\/2025\/11\/InnoMedica_Team-768x320.webp 768w, https:\/\/innomedica.com\/wp-content\/uploads\/2025\/11\/InnoMedica_Team-1536x640.webp 1536w, https:\/\/innomedica.com\/wp-content\/uploads\/2025\/11\/InnoMedica_Team-2048x853.webp 2048w, https:\/\/innomedica.com\/wp-content\/uploads\/2025\/11\/InnoMedica_Team-18x7.webp 18w\" sizes=\"auto, (max-width: 2560px) 100vw, 2560px\" \/><span aria-hidden=\"true\" class=\"wp-block-cover__background has-background-dim-0 has-background-dim\" style=\"background-color:#9b958e\"><\/span><div class=\"wp-block-cover__inner-container is-layout-flow wp-block-cover-is-layout-flow\">\n<h1 class=\"wp-block-heading has-text-align-left has-huge-font-size\">Our Team<\/h1>\n<\/div><\/div>\n\n\n<nav aria-label=\"breadcrumb\"><ol class=\"breadcrumb\"><li class=\"breadcrumb-item\"><a href=\"https:\/\/innomedica.com\/en\">Home<\/a><\/li>\n<li class=\"breadcrumb-item active\" aria-current=\"page\">Our Team<\/li><\/ol><\/nav>\n\n\n<div class=\"wp-block-group alignwide is-style-default is-layout-flow wp-block-group-is-layout-flow\">\n<p class=\"is-style-lead has-small-font-size\"><strong>Founded in 2013 as a start-up with a small core team, InnoMedica has grown into a pharmaceutical company with its own GMP-certified Nanofactory. An experienced Board of Directors and a cohesive Executive Management team now provide the leadership and expertise necessary to drive the company\u2019s clinical development programs forward.<\/strong><\/p>\n<\/div>\n\n\n\n<div class=\"wp-block-media-text alignwide is-stacked-on-mobile is-vertically-aligned-top\" style=\"grid-template-columns:48% auto\"><figure class=\"wp-block-media-text__media\" data-no-zoom=\"true\"><img loading=\"lazy\" decoding=\"async\" width=\"1024\" height=\"683\" src=\"https:\/\/innomedica.com\/wp-content\/uploads\/2024\/03\/24-02-Innomedica_Marly_136_klein-1024x683.webp\" alt=\"\" class=\"wp-image-552 size-full\" srcset=\"https:\/\/innomedica.com\/wp-content\/uploads\/2024\/03\/24-02-Innomedica_Marly_136_klein-1024x683.webp 1024w, https:\/\/innomedica.com\/wp-content\/uploads\/2024\/03\/24-02-Innomedica_Marly_136_klein-300x200.webp 300w, https:\/\/innomedica.com\/wp-content\/uploads\/2024\/03\/24-02-Innomedica_Marly_136_klein-768x512.webp 768w, https:\/\/innomedica.com\/wp-content\/uploads\/2024\/03\/24-02-Innomedica_Marly_136_klein-1536x1024.webp 1536w, https:\/\/innomedica.com\/wp-content\/uploads\/2024\/03\/24-02-Innomedica_Marly_136_klein-2048x1366.webp 2048w, https:\/\/innomedica.com\/wp-content\/uploads\/2024\/03\/24-02-Innomedica_Marly_136_klein-18x12.webp 18w\" sizes=\"auto, (max-width: 1024px) 100vw, 1024px\" \/><\/figure><div class=\"wp-block-media-text__content\">\n<p>The InnoMedica team comprises professionals with strong scientific and technical backgrounds. Many team members hold degrees in biochemistry, chemistry, biomedicine or pharmacy \u2014 expertise that is essential for advancing our nanocarrier technology and supporting our clinical development activities.<\/p>\n\n\n\n<p class=\"has-normal-font-size\">In recruitment, InnoMedica places particular emphasis on motivation, professional competence and opportunities for personal development. Employees are actively supported in their career growth to foster their full potential and contribute to the company\u2019s long-term success.<\/p>\n<\/div><\/div>\n\n\n\n<div class=\"wp-block-media-text alignwide has-media-on-the-right is-stacked-on-mobile is-vertically-aligned-top\" style=\"grid-template-columns:auto 25%\"><div class=\"wp-block-media-text__content\">\n<p class=\"has-normal-font-size\">The Board of Directors of InnoMedica Holding AG, chaired by Dr. Urs W\u00e4lchli, ensures efficient decision-making processes and maintains a close connection to the company\u2019s operational activities. With its newly composed Board as of 2025, InnoMedica benefits from expertise across multiple disciplines. The active involvement of Board members in selected projects supports the company\u2019s high execution speed and strategic focus. &nbsp;<\/p>\n\n\n\n<p class=\"has-normal-font-size\">The Executive Management of InnoMedica Schweiz AG includes the founders Dr. St\u00e9fan Halbherr, Andrea Zurkirchen and Pascal Halbherr. The team was further strengthened in 2023 with the appointment of Dr. Martin St\u00e4hle.<\/p>\n\n\n\n<p class=\"has-normal-font-size\">Together, this leadership team represents continuity, expertise, and a clear strategic focus on the development of innovative therapies.<\/p>\n\n\n\n<div style=\"height:100px\" aria-hidden=\"true\" class=\"wp-block-spacer\"><\/div>\n\n\n\n<h2 class=\"wp-block-heading\">Member of the Board of Directors<\/h2>\n<\/div><figure class=\"wp-block-media-text__media\" data-no-zoom=\"true\"><img loading=\"lazy\" decoding=\"async\" width=\"577\" height=\"849\" src=\"https:\/\/innomedica.com\/wp-content\/uploads\/2024\/11\/s1yo7534.png\" alt=\"\" class=\"wp-image-1920 size-full\" srcset=\"https:\/\/innomedica.com\/wp-content\/uploads\/2024\/11\/s1yo7534.png 577w, https:\/\/innomedica.com\/wp-content\/uploads\/2024\/11\/s1yo7534-204x300.webp 204w, https:\/\/innomedica.com\/wp-content\/uploads\/2024\/11\/s1yo7534-8x12.webp 8w\" sizes=\"auto, (max-width: 577px) 100vw, 577px\" \/><\/figure><\/div>\n\n\n<div class=\"alignwide block-employees block-0d9a4d3e6ef01af1ebc13615fb8d30141 alignwide wp-block-acf-employees\">\n                <div class=\"employee-container flow\">\n                <div class=\"image-container\">\n                    <img decoding=\"async\" src=\"https:\/\/innomedica.com\/wp-content\/uploads\/2025\/03\/Urs-Waelchli.webp\">\n                <\/div>\n                <div class=\"employee-information flow\">\n                    <h3>Urs W\u00e4lchli<\/h3>\n                    <p class=\"employee__title\">Dr. rer. oec., University of Bern&nbsp;<\/p>\n                    <p>Chairman of the Board, Finance, Audit, Compliance<\/p>\n                <\/div>\n                <div class=\"wp-block-button\">\n                    <a href=\"https:\/\/innomedica.com\/en\/mitarbeiter\/urs-waelchli\/\" class=\"wp-block-button__link wp-element-button\">More Information<\/a>\n                <\/div>\n            <\/div>\n                    <div class=\"employee-container flow\">\n                <div class=\"image-container\">\n                    <img decoding=\"async\" src=\"https:\/\/innomedica.com\/wp-content\/uploads\/2025\/03\/Denis-Bron.webp\">\n                <\/div>\n                <div class=\"employee-information flow\">\n                    <h3>Denis Bron<\/h3>\n                    <p class=\"employee__title\">MD, University of Basel&nbsp;<\/p>\n                    <p>Member of the Board of Directors, Vice Chairman, Medicine, Research, Regulatory Affairs<\/p>\n                <\/div>\n                <div class=\"wp-block-button\">\n                    <a href=\"https:\/\/innomedica.com\/en\/mitarbeiter\/denis-bron\/\" class=\"wp-block-button__link wp-element-button\">More Information<\/a>\n                <\/div>\n            <\/div>\n                    <div class=\"employee-container flow\">\n                <div class=\"image-container\">\n                    <img decoding=\"async\" src=\"https:\/\/innomedica.com\/wp-content\/uploads\/2025\/03\/Pascal-Brenneisen.webp\">\n                <\/div>\n                <div class=\"employee-information flow\">\n                    <h3>Pascal Brenneisen<\/h3>\n                    <p class=\"employee__title\">&nbsp;<\/p>\n                    <p>Member of the Board of Directors, Corporate Development, Partnering<\/p>\n                <\/div>\n                <div class=\"wp-block-button\">\n                    <a href=\"https:\/\/innomedica.com\/en\/mitarbeiter\/pascal-brenneisen\/\" class=\"wp-block-button__link wp-element-button\">More Information<\/a>\n                <\/div>\n            <\/div>\n                    <div class=\"employee-container flow\">\n                <div class=\"image-container\">\n                    <img decoding=\"async\" src=\"https:\/\/innomedica.com\/wp-content\/uploads\/2025\/03\/Patrick-Hunziker.webp\">\n                <\/div>\n                <div class=\"employee-information flow\">\n                    <h3>Patrick Hunziker<\/h3>\n                    <p class=\"employee__title\">Prof. Dr. med., University Zurich&nbsp;<\/p>\n                    <p>Member of the Board of Directors, Medicine, Research, Regulatory Affairs<\/p>\n                <\/div>\n                <div class=\"wp-block-button\">\n                    <a href=\"https:\/\/innomedica.com\/en\/mitarbeiter\/patrick-hunziker\/\" class=\"wp-block-button__link wp-element-button\">More Information<\/a>\n                <\/div>\n            <\/div>\n                    <div class=\"employee-container flow\">\n                <div class=\"image-container\">\n                    <img decoding=\"async\" src=\"https:\/\/innomedica.com\/wp-content\/uploads\/2025\/03\/Christian-Mauriand.webp\">\n                <\/div>\n                <div class=\"employee-information flow\">\n                    <h3>Christian Mauriand<\/h3>\n                    <p class=\"employee__title\">                                                                                                                                                 &nbsp;<\/p>\n                    <p>Member of the Board of Directors, Corporate Development, Partnering<\/p>\n                <\/div>\n                <div class=\"wp-block-button\">\n                    <a href=\"https:\/\/innomedica.com\/en\/mitarbeiter\/christian-mauriand\/\" class=\"wp-block-button__link wp-element-button\">More Information<\/a>\n                <\/div>\n            <\/div>\n                    <div class=\"employee-container flow\">\n                <div class=\"image-container\">\n                    <img decoding=\"async\" src=\"https:\/\/innomedica.com\/wp-content\/uploads\/2025\/03\/Leila-Nobs.webp\">\n                <\/div>\n                <div class=\"employee-information flow\">\n                    <h3>Leila Nobs<\/h3>\n                    <p class=\"employee__title\">Dr., University Geneva &nbsp;<\/p>\n                    <p>Member of the Board of Directors, Medicine, Research, Regulatory Affairs<\/p>\n                <\/div>\n                <div class=\"wp-block-button\">\n                    <a href=\"https:\/\/innomedica.com\/en\/mitarbeiter\/leila-nobs\/\" class=\"wp-block-button__link wp-element-button\">More Information<\/a>\n                <\/div>\n            <\/div>\n        <\/div>\n\n\n\n<div style=\"height:100px\" aria-hidden=\"true\" class=\"wp-block-spacer\"><\/div>\n\n\n\n<h2 class=\"wp-block-heading\">Management<\/h2>\n\n\n<div class=\"alignwide block-employees block-d54466e1a6e694a83e05c34c17a718902 alignwide wp-block-acf-employees\">\n                <div class=\"employee-container flow\">\n                <div class=\"image-container\">\n                    <img decoding=\"async\" src=\"https:\/\/innomedica.com\/wp-content\/uploads\/2024\/02\/22-02-Stefan-Halbherr_05_klein.jpg\">\n                <\/div>\n                <div class=\"employee-information flow\">\n                    <h3>St\u00e9fan Halbherr<\/h3>\n                    <p class=\"employee__title\">PhD, University of Bern&nbsp;<\/p>\n                    <p>General Manager, Head of Research &amp; Development, InnoMedica Holding. Country Manager, InnoMedica Switzerland<\/p>\n                <\/div>\n                <div class=\"wp-block-button\">\n                    <a href=\"https:\/\/innomedica.com\/en\/mitarbeiter\/stefan-halbherr\/\" class=\"wp-block-button__link wp-element-button\">More Information<\/a>\n                <\/div>\n            <\/div>\n                    <div class=\"employee-container flow\">\n                <div class=\"image-container\">\n                    <img decoding=\"async\" src=\"https:\/\/innomedica.com\/wp-content\/uploads\/2024\/02\/23-02-Martin-Staehle_015_6.jpg\">\n                <\/div>\n                <div class=\"employee-information flow\">\n                    <h3>Martin St\u00e4hle<\/h3>\n                    <p class=\"employee__title\">PhD, University of Hohenheim&nbsp;<\/p>\n                    <p>Head of Finance &amp; Administration, InnoMedica Holding and InnoMedica Switzerland<\/p>\n                <\/div>\n                <div class=\"wp-block-button\">\n                    <a href=\"https:\/\/innomedica.com\/en\/mitarbeiter\/martin-staehle\/\" class=\"wp-block-button__link wp-element-button\">More Information<\/a>\n                <\/div>\n            <\/div>\n                    <div class=\"employee-container flow\">\n                <div class=\"image-container\">\n                    <img decoding=\"async\" src=\"https:\/\/innomedica.com\/wp-content\/uploads\/2024\/02\/22-02-Andrea-Zurkirchen_08_klein.jpg\">\n                <\/div>\n                <div class=\"employee-information flow\">\n                    <h3>Andrea Zurkirchen<\/h3>\n                    <p class=\"employee__title\">lic. phil., University of Zurich&nbsp;<\/p>\n                    <p>Head of Staff Unit, Investor Relations &amp; Legal, InnoMedica Holding. Head of Management Services, InnoMedica Switzerland<\/p>\n                <\/div>\n                <div class=\"wp-block-button\">\n                    <a href=\"https:\/\/innomedica.com\/en\/mitarbeiter\/andrea-zurkirchen\/\" class=\"wp-block-button__link wp-element-button\">More Information<\/a>\n                <\/div>\n            <\/div>\n                    <div class=\"employee-container flow\">\n                <div class=\"image-container\">\n                    <img decoding=\"async\" src=\"https:\/\/innomedica.com\/wp-content\/uploads\/2024\/02\/22-01-Pascal-Halbherr_03_klein2.jpg\">\n                <\/div>\n                <div class=\"employee-information flow\">\n                    <h3>Pascal Halbherr<\/h3>\n                    <p class=\"employee__title\">MSc Biochemistry, University of Bern&nbsp;<\/p>\n                    <p>Head Manufacturing, InnoMedica Switzerland<\/p>\n                <\/div>\n                <div class=\"wp-block-button\">\n                    <a href=\"https:\/\/innomedica.com\/en\/mitarbeiter\/pascal-halbherr\/\" class=\"wp-block-button__link wp-element-button\">More Information<\/a>\n                <\/div>\n            <\/div>\n        <\/div>","protected":false},"excerpt":{"rendered":"<p>Was 2013 als Start-up mit einem kleinen Gr\u00fcnderteam begann, hat sich zu einem Pharmaunternehmen mit eigener GMP-zertifizierter Nanofactory entwickelt. &nbsp;Ein erfahrener Verwaltungsrat und eine eingespielte Gesch\u00e4ftsleitung b\u00fcndeln heute das Know-how, das f\u00fcr die erfolgreiche Umsetzung der Entwicklungsprogramme erforderlich ist. Das Team von InnoMedica besteht aus Fachpersonen mit wissenschaftlichem und technischem Hintergrund. &nbsp;Viele Mitarbeitende verf\u00fcgen \u00fcber [&hellip;]<\/p>\n","protected":false},"author":12,"featured_media":0,"parent":0,"menu_order":2,"comment_status":"closed","ping_status":"closed","template":"","meta":{"footnotes":""},"class_list":["post-293","page","type-page","status-publish","hentry"],"acf":[],"_links":{"self":[{"href":"https:\/\/innomedica.com\/en\/wp-json\/wp\/v2\/pages\/293","targetHints":{"allow":["GET"]}}],"collection":[{"href":"https:\/\/innomedica.com\/en\/wp-json\/wp\/v2\/pages"}],"about":[{"href":"https:\/\/innomedica.com\/en\/wp-json\/wp\/v2\/types\/page"}],"author":[{"embeddable":true,"href":"https:\/\/innomedica.com\/en\/wp-json\/wp\/v2\/users\/12"}],"replies":[{"embeddable":true,"href":"https:\/\/innomedica.com\/en\/wp-json\/wp\/v2\/comments?post=293"}],"version-history":[{"count":84,"href":"https:\/\/innomedica.com\/en\/wp-json\/wp\/v2\/pages\/293\/revisions"}],"predecessor-version":[{"id":2805,"href":"https:\/\/innomedica.com\/en\/wp-json\/wp\/v2\/pages\/293\/revisions\/2805"}],"wp:attachment":[{"href":"https:\/\/innomedica.com\/en\/wp-json\/wp\/v2\/media?parent=293"}],"curies":[{"name":"wp","href":"https:\/\/api.w.org\/{rel}","templated":true}]}}