{"id":1761,"date":"2024-09-09T16:34:08","date_gmt":"2024-09-09T14:34:08","guid":{"rendered":"https:\/\/innomedica.com\/?page_id=1761"},"modified":"2026-02-10T18:05:31","modified_gmt":"2026-02-10T17:05:31","slug":"crdmo-services","status":"publish","type":"page","link":"https:\/\/innomedica.com\/en\/crdmo-services\/","title":{"rendered":"CRDMO-Services"},"content":{"rendered":"<div class=\"wp-block-cover alignfull is-light has-custom-content-position is-position-bottom-left\"><img loading=\"lazy\" decoding=\"async\" width=\"2560\" height=\"1707\" class=\"wp-block-cover__image-background wp-image-1769\" alt=\"\" src=\"https:\/\/innomedica.com\/wp-content\/uploads\/2024\/09\/CRMDO_InnoMedica-scaled.webp\" style=\"object-position:38% 30%\" data-object-fit=\"cover\" data-object-position=\"38% 30%\" srcset=\"https:\/\/innomedica.com\/wp-content\/uploads\/2024\/09\/CRMDO_InnoMedica-scaled.webp 2560w, https:\/\/innomedica.com\/wp-content\/uploads\/2024\/09\/CRMDO_InnoMedica-300x200.webp 300w, https:\/\/innomedica.com\/wp-content\/uploads\/2024\/09\/CRMDO_InnoMedica-1024x683.webp 1024w, https:\/\/innomedica.com\/wp-content\/uploads\/2024\/09\/CRMDO_InnoMedica-768x512.webp 768w, https:\/\/innomedica.com\/wp-content\/uploads\/2024\/09\/CRMDO_InnoMedica-1536x1024.webp 1536w, https:\/\/innomedica.com\/wp-content\/uploads\/2024\/09\/CRMDO_InnoMedica-2048x1366.webp 2048w, https:\/\/innomedica.com\/wp-content\/uploads\/2024\/09\/CRMDO_InnoMedica-18x12.webp 18w\" sizes=\"auto, (max-width: 2560px) 100vw, 2560px\" \/><span aria-hidden=\"true\" class=\"wp-block-cover__background has-background-dim-0 has-background-dim\"><\/span><div class=\"wp-block-cover__inner-container is-layout-flow wp-block-cover-is-layout-flow\">\n<h1 class=\"wp-block-heading has-text-align-left has-huge-font-size\"><strong>Our CRDMO services<\/strong><\/h1>\n<\/div><\/div>\n\n\n<nav aria-label=\"breadcrumb\"><ol class=\"breadcrumb\"><li class=\"breadcrumb-item\"><a href=\"https:\/\/innomedica.com\/en\">Home<\/a><\/li>\n<li class=\"breadcrumb-item active\" aria-current=\"page\">CRDMO-Services<\/li><\/ol><\/nav>\n\n\n<div class=\"wp-block-group alignwide is-layout-flow wp-block-group-is-layout-flow\">\n<p class=\"is-style-lead\"><strong>Interested in developing liposomal medication? Contact us!<\/strong><\/p>\n\n\n\n<p class=\"is-style-lead\">InnoMedica offers you international scientific excellence, along with state-of-the-art GMP infrastructure. The company is distinguished by its modern, modular facilities, featuring cleanrooms that meet Good Manufacturing Practice (GMP) requirements. This advanced research and manufacturing environment ensures the highest standards in the development, production, and quality assurance of your pharmaceutical products.<\/p>\n\n\n\n<p>InnoMedica\u2019s specialists provide expert consultation and, when needed, operational support in the following areas:<\/p>\n\n\n\n<div class=\"wp-block-media-text is-stacked-on-mobile is-vertically-aligned-top\" style=\"grid-template-columns:34% auto\"><figure class=\"wp-block-media-text__media\" data-no-zoom=\"true\"><img loading=\"lazy\" decoding=\"async\" width=\"683\" height=\"1024\" src=\"https:\/\/innomedica.com\/wp-content\/uploads\/2024\/09\/CRMDO_Clinical_-Innomedica-683x1024.webp\" alt=\"\" class=\"wp-image-1777 size-full\" srcset=\"https:\/\/innomedica.com\/wp-content\/uploads\/2024\/09\/CRMDO_Clinical_-Innomedica-683x1024.webp 683w, https:\/\/innomedica.com\/wp-content\/uploads\/2024\/09\/CRMDO_Clinical_-Innomedica-200x300.webp 200w, https:\/\/innomedica.com\/wp-content\/uploads\/2024\/09\/CRMDO_Clinical_-Innomedica-768x1152.webp 768w, https:\/\/innomedica.com\/wp-content\/uploads\/2024\/09\/CRMDO_Clinical_-Innomedica-1024x1536.webp 1024w, https:\/\/innomedica.com\/wp-content\/uploads\/2024\/09\/CRMDO_Clinical_-Innomedica-1366x2048.webp 1366w, https:\/\/innomedica.com\/wp-content\/uploads\/2024\/09\/CRMDO_Clinical_-Innomedica-8x12.webp 8w, https:\/\/innomedica.com\/wp-content\/uploads\/2024\/09\/CRMDO_Clinical_-Innomedica-scaled.webp 1707w\" sizes=\"auto, (max-width: 683px) 100vw, 683px\" \/><\/figure><div class=\"wp-block-media-text__content\">\n<ul class=\"wp-block-list\">\n<li class=\"has-normal-font-size\">Preclinical Development<br><br>\u2013 Design and concept development of liposomal prototypes (Quality by Design, QbD)<br>&#8211; <span lang=\"DE-CH\">Manufacture of research and development batches<\/span><br><br><\/li>\n\n\n\n<li>Clinical Development<br><br>- GMP production, aseptic filling, labeling, packaging, quality control, quality assurance, and batch release <br> <br>- Planning and execution of clinical trials in compliance with GCP<br><br>- Preparation and submission of Clinical Trial Applications and protocols (CTA, CTP), as well as protocol amendments<br><br><\/li>\n\n\n\n<li>Regulatory Support<br><br>- Investigator\u2019s Brochure (IB)<br><br>- Pharmaceutical Quality Dossier (PQD)<br><br>&#8211; eCTD<\/li>\n<\/ul>\n<\/div><\/div>\n\n\n\n<p>Flexibility is a core principle of our work. With a modern infrastructure, InnoMedica is well-equipped to collaboratively develop innovative solutions and ensure the success of your projects. Our services can be tailored to meet the specific needs and requirements of our collaboration partners.<\/p>\n\n\n\n<p>If you are interested, feel free to get in touch with <a href=\"https:\/\/innomedica.com\/en\/mitarbeiter\/martin-staehle\/\" data-type=\"link\" data-id=\"https:\/\/innomedica.com\/mitarbeiter\/jonas-zeller\/\">Dr. Martin St\u00e4hle<\/a>, CFO of InnoMedica.<\/p>\n\n\n\n<p><a href=\"mailto:martin.staehle@innomedica.com\">martin.staehle@innomedica.com<\/a> \/ +41 (0) 31 311 04 27<\/p>\n<\/div>\n\n\n\n<p><\/p>","protected":false},"excerpt":{"rendered":"<p>M\u00f6chten Sie ein liposomales Medikament entwickeln? Kontaktieren Sie uns! InnoMedica bietet Ihnen internationale wissenschaftliche Spitzenkompetenz sowie modernste GMP-Infrastruktur und zeichnet sich durch eine moderne, modulare Infrastruktur mit Reinr\u00e4umen gem\u00e4ss den Anforderungen der Good Manufacturing Practice (GMP) aus. Diese fortschrittliche Forschungs- und Produktionsumgebung gew\u00e4hrleistet h\u00f6chste Standards bei der Entwicklung, Herstellung und Qualit\u00e4tssicherung Ihrer pharmazeutischen Produkte. InnoMedicas [&hellip;]<\/p>\n","protected":false},"author":12,"featured_media":1769,"parent":0,"menu_order":0,"comment_status":"closed","ping_status":"closed","template":"","meta":{"footnotes":""},"class_list":["post-1761","page","type-page","status-publish","has-post-thumbnail","hentry"],"acf":[],"_links":{"self":[{"href":"https:\/\/innomedica.com\/en\/wp-json\/wp\/v2\/pages\/1761","targetHints":{"allow":["GET"]}}],"collection":[{"href":"https:\/\/innomedica.com\/en\/wp-json\/wp\/v2\/pages"}],"about":[{"href":"https:\/\/innomedica.com\/en\/wp-json\/wp\/v2\/types\/page"}],"author":[{"embeddable":true,"href":"https:\/\/innomedica.com\/en\/wp-json\/wp\/v2\/users\/12"}],"replies":[{"embeddable":true,"href":"https:\/\/innomedica.com\/en\/wp-json\/wp\/v2\/comments?post=1761"}],"version-history":[{"count":27,"href":"https:\/\/innomedica.com\/en\/wp-json\/wp\/v2\/pages\/1761\/revisions"}],"predecessor-version":[{"id":2845,"href":"https:\/\/innomedica.com\/en\/wp-json\/wp\/v2\/pages\/1761\/revisions\/2845"}],"wp:featuredmedia":[{"embeddable":true,"href":"https:\/\/innomedica.com\/en\/wp-json\/wp\/v2\/media\/1769"}],"wp:attachment":[{"href":"https:\/\/innomedica.com\/en\/wp-json\/wp\/v2\/media?parent=1761"}],"curies":[{"name":"wp","href":"https:\/\/api.w.org\/{rel}","templated":true}]}}